



{"id":577,"date":"2016-11-09T09:30:02","date_gmt":"2016-11-09T09:30:02","guid":{"rendered":"http:\/\/arthurboisson.fr\/?page_id=577"},"modified":"2023-01-24T13:41:19","modified_gmt":"2023-01-24T13:41:19","slug":"contacts","status":"publish","type":"page","link":"https:\/\/labo-emc.org\/reservation\/contacts\/","title":{"rendered":"Contacts"},"content":{"rendered":"\n<p>Laboratoire d&rsquo;\u00c9tude des M\u00e9canismes Cognitifs (E.M.C)<br>\nEquipe d\u2019accueil (EA) 3082<\/p>\n<p>Universit\u00e9 de Lyon \/ Universit\u00e9 Lumi\u00e8re Lyon 2 \/ CNRS<br>\n5 avenue Pierre Mend\u00e8s France<br>\n69676 Bron cedex<\/p>\n<p><em>Secr\u00e9tariat :<\/em><\/p>\n<p>T\u00e9l. : +33(0)4 78 77 24 52 &#8211; Fax. +33(0)4 78 77 43 35<\/p>\n<p>eMail : emc.sallesxp@univ-lyon2.fr <\/p>\n<p>&nbsp;<\/p>\n<h2>Nous trouver :<\/h2>\n<p style=\"text-align: left;\">B\u00e2timent K, Salle K18<\/p>\n<p style=\"text-align: left;\">Universit\u00e9 Lumi\u00e8re Lyon 2<br>\n5 avenue Pierre Mend\u00e8s France, Bron<br>\n69676 Bron<\/p>\n<p style=\"text-align: center;\"><iframe loading=\"lazy\" style=\"border: 0;\" src=\"https:\/\/www.google.com\/maps\/embed?pb=!1m18!1m12!1m3!1d2422.8141867355216!2d4.914807315267012!3d45.72084597910466!2m3!1f0!2f0!3f0!3m2!1i1024!2i768!4f13.1!3m3!1m2!1s0x0%3A0x0!2zNDXCsDQzJzE1LjEiTiA0wrA1NScwMS4yIkU!5e1!3m2!1sfr!2sfr!4v1478685162357\" allowfullscreen=\"allowfullscreen\" width=\"400\" height=\"300\" frameborder=\"0\"><\/iframe><\/p>\n","protected":false},"excerpt":{"rendered":"<p>Laboratoire d&rsquo;\u00c9tude des M\u00e9canismes Cognitifs (E.M.C) Equipe d\u2019accueil (EA) 3082 Universit\u00e9 de Lyon \/ Universit\u00e9 Lumi\u00e8re Lyon 2 \/ CNRS 5 avenue Pierre Mend\u00e8s France 69676 Bron cedex Secr\u00e9tariat : T\u00e9l. : +33(0)4 78 77 24 52 &#8211; Fax. +33(0)4 78 77 43 35 eMail : emc.sallesxp@univ-lyon2.fr &nbsp; Nous trouver : B\u00e2timent K, Salle K18 &#8230; <a title=\"Contacts\" class=\"read-more\" href=\"https:\/\/labo-emc.org\/reservation\/contacts\/\" aria-label=\"En savoir plus sur Contacts\">Lire la suite<\/a><\/p>\n","protected":false},"author":3,"featured_media":0,"parent":0,"menu_order":0,"comment_status":"closed","ping_status":"closed","template":"","meta":{"footnotes":""},"class_list":["post-577","page","type-page","status-publish"],"_links":{"self":[{"href":"https:\/\/labo-emc.org\/reservation\/wp-json\/wp\/v2\/pages\/577","targetHints":{"allow":["GET"]}}],"collection":[{"href":"https:\/\/labo-emc.org\/reservation\/wp-json\/wp\/v2\/pages"}],"about":[{"href":"https:\/\/labo-emc.org\/reservation\/wp-json\/wp\/v2\/types\/page"}],"author":[{"embeddable":true,"href":"https:\/\/labo-emc.org\/reservation\/wp-json\/wp\/v2\/users\/3"}],"replies":[{"embeddable":true,"href":"https:\/\/labo-emc.org\/reservation\/wp-json\/wp\/v2\/comments?post=577"}],"version-history":[{"count":1,"href":"https:\/\/labo-emc.org\/reservation\/wp-json\/wp\/v2\/pages\/577\/revisions"}],"predecessor-version":[{"id":4691,"href":"https:\/\/labo-emc.org\/reservation\/wp-json\/wp\/v2\/pages\/577\/revisions\/4691"}],"wp:attachment":[{"href":"https:\/\/labo-emc.org\/reservation\/wp-json\/wp\/v2\/media?parent=577"}],"curies":[{"name":"wp","href":"https:\/\/api.w.org\/{rel}","templated":true}]}}